{"id":103,"date":"2024-05-16T12:52:24","date_gmt":"2024-05-16T12:52:24","guid":{"rendered":"https:\/\/eventclientweb.waterfront.digital\/?page_id=103"},"modified":"2026-03-10T10:36:57","modified_gmt":"2026-03-10T10:36:57","slug":"venue","status":"publish","type":"page","link":"https:\/\/events.pricingplatform.com\/lifesciences-2026\/venue\/","title":{"rendered":"Venue"},"content":{"rendered":"\t\t<div data-elementor-type=\"wp-page\" data-elementor-id=\"103\" class=\"elementor elementor-103\" data-elementor-post-type=\"page\">\n\t\t\t\t<div class=\"has_ae_slider elementor-element elementor-element-83315d6 e-flex e-con-boxed ae-bg-gallery-type-default e-con e-parent\" data-id=\"83315d6\" data-element_type=\"container\" data-e-type=\"container\" data-settings=\"{&quot;background_background&quot;:&quot;classic&quot;}\">\n\t\t\t\t\t<div class=\"e-con-inner\">\n\t\t<div class=\"has_ae_slider elementor-element elementor-element-66a7a8f e-con-full e-flex ae-bg-gallery-type-default e-con e-child\" data-id=\"66a7a8f\" data-element_type=\"container\" data-e-type=\"container\">\n\t\t\t\t<div class=\"elementor-element elementor-element-3ae973b elementor-widget elementor-widget-heading\" data-id=\"3ae973b\" data-element_type=\"widget\" data-e-type=\"widget\" data-widget_type=\"heading.default\">\n\t\t\t\t<div class=\"elementor-widget-container\">\n\t\t\t\t\t<h2 class=\"elementor-heading-title elementor-size-default\">EPP 16th Life Sciences <br>Pricing Forum 2026\n<\/h2>\t\t\t\t<\/div>\n\t\t\t\t<\/div>\n\t\t\t\t<div class=\"elementor-element elementor-element-85b41fb elementor-widget elementor-widget-heading\" data-id=\"85b41fb\" data-element_type=\"widget\" data-e-type=\"widget\" data-widget_type=\"heading.default\">\n\t\t\t\t<div class=\"elementor-widget-container\">\n\t\t\t\t\t<h1 class=\"elementor-heading-title elementor-size-default\">Venue<\/h1>\t\t\t\t<\/div>\n\t\t\t\t<\/div>\n\t\t\t\t<\/div>\n\t\t\t\t\t<\/div>\n\t\t\t\t<\/div>\n\t\t<div class=\"has_ae_slider elementor-element elementor-element-7db0b8a e-flex e-con-boxed ae-bg-gallery-type-default e-con e-parent\" data-id=\"7db0b8a\" data-element_type=\"container\" data-e-type=\"container\">\n\t\t\t\t\t<div class=\"e-con-inner\">\n\t\t<div class=\"has_ae_slider elementor-element elementor-element-ab08321 e-con-full e-flex ae-bg-gallery-type-default e-con e-child\" data-id=\"ab08321\" data-element_type=\"container\" data-e-type=\"container\">\n\t\t\t\t<div class=\"elementor-element elementor-element-ab0bc90 elementor-widget elementor-widget-heading\" data-id=\"ab0bc90\" data-element_type=\"widget\" data-e-type=\"widget\" data-widget_type=\"heading.default\">\n\t\t\t\t<div class=\"elementor-widget-container\">\n\t\t\t\t\t<h2 class=\"elementor-heading-title elementor-size-default\">Venue<\/h2>\t\t\t\t<\/div>\n\t\t\t\t<\/div>\n\t\t\t\t<div class=\"elementor-element elementor-element-e79d9dd elementor-widget elementor-widget-text-editor\" data-id=\"e79d9dd\" data-element_type=\"widget\" data-e-type=\"widget\" data-widget_type=\"text-editor.default\">\n\t\t\t\t<div class=\"elementor-widget-container\">\n\t\t\t\t\t\t\t\t\t<p><a href=\"https:\/\/www.marriott.com\/en-us\/hotels\/zrhzs-sheraton-zurich-hotel\/overview\/\">Sheraton Zurich<\/a> is a contemporary gathering place in Zurich West: well connected, vibrant, and ideally located. Surrounded by creative spaces, bars, and local hotspots, the hotel offers direct tram access at Toni-Areal and quick connections to Zurich city centre and the main station.<\/p><p>Inside, refined rooms and suites provide calm and comfort, some with expansive views over the city. Social moments unfold at NUOVO and Route Twenty-Six, while eight light-filled, flexible meeting rooms make Sheraton Zurich a seamless choice for meetings and events. On-site parking ensures easy arrivals and smooth departures.<\/p><p><strong>Location:<\/strong>\u00a0<a style=\"color: #1a0dab; text-decoration-line: underline; -webkit-tap-highlight-color: rgba(0, 0, 0, 0.1); outline: 0px; font-family: Arial, sans-serif; font-size: 14px; background-color: #ffffff; cursor: pointer;\" tabindex=\"0\" href=\"https:\/\/www.google.com\/maps\/place\/\/data=!4m2!3m1!1s0x47900a4864bfffff:0xf7fe58641dc10273?sa=X&amp;ved=1t:8290&amp;ictx=111\" data-url=\"\/maps\/place\/\/data=!4m2!3m1!1s0x47900a4864bfffff:0xf7fe58641dc10273?sa=X&amp;ved=2ahUKEwiB5vnNhImTAxWEiP0HHRd0LdkQ4kB6BAg0EAA\">Pfingstweidstrasse 100, 8005 Z\u00fcrich, Switzerland<\/a><br \/><br \/><\/p>\t\t\t\t\t\t\t\t<\/div>\n\t\t\t\t<\/div>\n\t\t\t\t<\/div>\n\t\t<div class=\"has_ae_slider elementor-element elementor-element-393595e e-con-full e-flex ae-bg-gallery-type-default e-con e-child\" data-id=\"393595e\" data-element_type=\"container\" data-e-type=\"container\">\n\t\t\t\t<div class=\"elementor-element elementor-element-db052cc elementor-arrows-position-inside elementor-pagination-position-outside elementor-widget elementor-widget-image-carousel\" data-id=\"db052cc\" data-element_type=\"widget\" data-e-type=\"widget\" data-settings=\"{&quot;slides_to_show&quot;:&quot;1&quot;,&quot;navigation&quot;:&quot;both&quot;,&quot;autoplay&quot;:&quot;yes&quot;,&quot;pause_on_hover&quot;:&quot;yes&quot;,&quot;pause_on_interaction&quot;:&quot;yes&quot;,&quot;autoplay_speed&quot;:5000,&quot;infinite&quot;:&quot;yes&quot;,&quot;effect&quot;:&quot;slide&quot;,&quot;speed&quot;:500}\" data-widget_type=\"image-carousel.default\">\n\t\t\t\t<div class=\"elementor-widget-container\">\n\t\t\t\t\t\t\t<div class=\"elementor-image-carousel-wrapper swiper\" role=\"region\" aria-roledescription=\"carousel\" aria-label=\"Image Carousel\" dir=\"ltr\">\n\t\t\t<div class=\"elementor-image-carousel swiper-wrapper\" aria-live=\"off\">\n\t\t\t\t\t\t\t\t<div class=\"swiper-slide\" role=\"group\" aria-roledescription=\"slide\" aria-label=\"1 of 6\"><figure class=\"swiper-slide-inner\"><img decoding=\"async\" class=\"swiper-slide-image\" src=\"https:\/\/events.pricingplatform.com\/lifesciences-2026\/wp-content\/uploads\/2026\/03\/1717708627-scaled-1.jpeg\" alt=\"1717708627-scaled.jpeg\" \/><\/figure><\/div><div class=\"swiper-slide\" role=\"group\" aria-roledescription=\"slide\" aria-label=\"2 of 6\"><figure class=\"swiper-slide-inner\"><img decoding=\"async\" class=\"swiper-slide-image\" src=\"https:\/\/events.pricingplatform.com\/lifesciences-2026\/wp-content\/uploads\/2026\/03\/zrhzs-executivesuite-view-5425_Classic-Hor.jpeg\" alt=\"zrhzs-executivesuite-view-5425_Classic-Hor.jpeg\" \/><\/figure><\/div><div class=\"swiper-slide\" role=\"group\" aria-roledescription=\"slide\" aria-label=\"3 of 6\"><figure class=\"swiper-slide-inner\"><img decoding=\"async\" class=\"swiper-slide-image\" src=\"https:\/\/events.pricingplatform.com\/lifesciences-2026\/wp-content\/uploads\/2026\/03\/si-zrhzs-she-zrhzs-hardturm-c12359-64329_Classic-Hor.jpeg\" alt=\"si-zrhzs-she-zrhzs-hardturm-c12359-64329_Classic-Hor.jpeg\" \/><\/figure><\/div><div class=\"swiper-slide\" role=\"group\" aria-roledescription=\"slide\" aria-label=\"4 of 6\"><figure class=\"swiper-slide-inner\"><img decoding=\"async\" class=\"swiper-slide-image\" src=\"https:\/\/events.pricingplatform.com\/lifesciences-2026\/wp-content\/uploads\/2026\/03\/zrhzs-sherton-clublounge-7640-hor-clsc.avif\" alt=\"zrhzs-sherton-clublounge-7640-hor-clsc.avif\" \/><\/figure><\/div><div class=\"swiper-slide\" role=\"group\" aria-roledescription=\"slide\" aria-label=\"5 of 6\"><figure class=\"swiper-slide-inner\"><img decoding=\"async\" class=\"swiper-slide-image\" src=\"https:\/\/events.pricingplatform.com\/lifesciences-2026\/wp-content\/uploads\/2026\/03\/si-zrhzs-she-zrhzs-escherwyss14803-13036_Classic-Hor.jpeg\" alt=\"si-zrhzs-she-zrhzs-escherwyss14803-13036_Classic-Hor.jpeg\" \/><\/figure><\/div><div class=\"swiper-slide\" role=\"group\" aria-roledescription=\"slide\" aria-label=\"6 of 6\"><figure class=\"swiper-slide-inner\"><img decoding=\"async\" class=\"swiper-slide-image\" src=\"https:\/\/events.pricingplatform.com\/lifesciences-2026\/wp-content\/uploads\/2026\/03\/zrhzs-zurich-skyline-9204-hor-clsc.avif\" alt=\"zrhzs-zurich-skyline-9204-hor-clsc.avif\" \/><\/figure><\/div>\t\t\t<\/div>\n\t\t\t\t\t\t\t\t\t\t\t\t<div class=\"elementor-swiper-button elementor-swiper-button-prev\" role=\"button\" tabindex=\"0\">\n\t\t\t\t\t\t<svg aria-hidden=\"true\" class=\"e-font-icon-svg e-eicon-chevron-left\" viewBox=\"0 0 1000 1000\" xmlns=\"http:\/\/www.w3.org\/2000\/svg\"><path d=\"M646 125C629 125 613 133 604 142L308 442C296 454 292 471 292 487 292 504 296 521 308 533L604 854C617 867 629 875 646 875 663 875 679 871 692 858 704 846 713 829 713 812 713 796 708 779 692 767L438 487 692 225C700 217 708 204 708 187 708 171 704 154 692 142 675 129 663 125 646 125Z\"><\/path><\/svg>\t\t\t\t\t<\/div>\n\t\t\t\t\t<div class=\"elementor-swiper-button elementor-swiper-button-next\" role=\"button\" tabindex=\"0\">\n\t\t\t\t\t\t<svg aria-hidden=\"true\" class=\"e-font-icon-svg e-eicon-chevron-right\" viewBox=\"0 0 1000 1000\" xmlns=\"http:\/\/www.w3.org\/2000\/svg\"><path d=\"M696 533C708 521 713 504 713 487 713 471 708 454 696 446L400 146C388 133 375 125 354 125 338 125 325 129 313 142 300 154 292 171 292 187 292 204 296 221 308 233L563 492 304 771C292 783 288 800 288 817 288 833 296 850 308 863 321 871 338 875 354 875 371 875 388 867 400 854L696 533Z\"><\/path><\/svg>\t\t\t\t\t<\/div>\n\t\t\t\t\n\t\t\t\t\t\t\t\t\t<div class=\"swiper-pagination\"><\/div>\n\t\t\t\t\t\t\t\t\t<\/div>\n\t\t\t\t\t\t<\/div>\n\t\t\t\t<\/div>\n\t\t\t\t<\/div>\n\t\t\t\t\t<\/div>\n\t\t\t\t<\/div>\n\t\t<div class=\"has_ae_slider elementor-element elementor-element-880ad19 e-flex e-con-boxed ae-bg-gallery-type-default e-con e-parent\" data-id=\"880ad19\" data-element_type=\"container\" data-e-type=\"container\">\n\t\t\t\t\t<div class=\"e-con-inner\">\n\t\t\t\t<div class=\"elementor-element elementor-element-1d3d711 elementor-widget elementor-widget-google_maps\" data-id=\"1d3d711\" data-element_type=\"widget\" data-e-type=\"widget\" data-widget_type=\"google_maps.default\">\n\t\t\t\t<div class=\"elementor-widget-container\">\n\t\t\t\t\t\t\t<div class=\"elementor-custom-embed\">\n\t\t\t<iframe loading=\"lazy\"\n\t\t\t\t\tsrc=\"https:\/\/maps.google.com\/maps?q=Pfingstweidstrasse%20100%2C%208005%20Z%C3%BCrich%2C%20Su%C3%AD%C3%A7a&#038;t=m&#038;z=11&#038;output=embed&#038;iwloc=near\"\n\t\t\t\t\ttitle=\"Pfingstweidstrasse 100, 8005 Z\u00fcrich, Su\u00ed\u00e7a\"\n\t\t\t\t\taria-label=\"Pfingstweidstrasse 100, 8005 Z\u00fcrich, Su\u00ed\u00e7a\"\n\t\t\t><\/iframe>\n\t\t<\/div>\n\t\t\t\t\t\t<\/div>\n\t\t\t\t<\/div>\n\t\t\t\t\t<\/div>\n\t\t\t\t<\/div>\n\t\t<div class=\"has_ae_slider elementor-element elementor-element-9d60fc1 e-flex e-con-boxed ae-bg-gallery-type-default e-con e-parent\" data-id=\"9d60fc1\" data-element_type=\"container\" data-e-type=\"container\">\n\t\t\t\t\t<div class=\"e-con-inner\">\n\t\t<div class=\"has_ae_slider elementor-element elementor-element-88ed5ea e-con-full e-flex ae-bg-gallery-type-default e-con e-child\" data-id=\"88ed5ea\" data-element_type=\"container\" data-e-type=\"container\">\n\t\t\t\t<div class=\"elementor-element elementor-element-a6dc0aa elementor-widget elementor-widget-heading\" data-id=\"a6dc0aa\" data-element_type=\"widget\" data-e-type=\"widget\" data-widget_type=\"heading.default\">\n\t\t\t\t<div class=\"elementor-widget-container\">\n\t\t\t\t\t<h2 class=\"elementor-heading-title elementor-size-default\">Accommodation<\/h2>\t\t\t\t<\/div>\n\t\t\t\t<\/div>\n\t\t\t\t<div class=\"elementor-element elementor-element-048809b desc-fix elementor-widget elementor-widget-text-editor\" data-id=\"048809b\" data-element_type=\"widget\" data-e-type=\"widget\" data-widget_type=\"text-editor.default\">\n\t\t\t\t<div class=\"elementor-widget-container\">\n\t\t\t\t\t\t\t\t\t<p>EPP has secured a preferential room rate at the Sheraton Zurich Hotel, exclusively for attendees of the EPP Forum.<\/p><p>To take advantage of this preferential rate, please use please contact <a href=\"mailto:francisco.porcel@pricingplatform.com\">francisco.porcel@pricingplatform.com<\/a>.<\/p>\t\t\t\t\t\t\t\t<\/div>\n\t\t\t\t<\/div>\n\t\t\t\t<\/div>\n\t\t<div class=\"has_ae_slider elementor-element elementor-element-859d63b e-con-full e-flex ae-bg-gallery-type-default e-con e-child\" data-id=\"859d63b\" data-element_type=\"container\" data-e-type=\"container\">\n\t\t\t\t<div class=\"elementor-element elementor-element-c2f6ef8 elementor-widget elementor-widget-image\" data-id=\"c2f6ef8\" data-element_type=\"widget\" data-e-type=\"widget\" data-widget_type=\"image.default\">\n\t\t\t\t<div class=\"elementor-widget-container\">\n\t\t\t\t\t\t\t\t\t\t\t\t\t\t\t<img fetchpriority=\"high\" decoding=\"async\" width=\"800\" height=\"533\" src=\"https:\/\/events.pricingplatform.com\/lifesciences-2026\/wp-content\/uploads\/2026\/03\/zrhzs-king-executive-5420-hor-clsc-1024x682.avif\" class=\"attachment-large size-large wp-image-4214\" alt=\"\" srcset=\"https:\/\/events.pricingplatform.com\/lifesciences-2026\/wp-content\/uploads\/2026\/03\/zrhzs-king-executive-5420-hor-clsc-1024x682.avif 1024w, https:\/\/events.pricingplatform.com\/lifesciences-2026\/wp-content\/uploads\/2026\/03\/zrhzs-king-executive-5420-hor-clsc-300x200.avif 300w, https:\/\/events.pricingplatform.com\/lifesciences-2026\/wp-content\/uploads\/2026\/03\/zrhzs-king-executive-5420-hor-clsc-768x512.avif 768w, https:\/\/events.pricingplatform.com\/lifesciences-2026\/wp-content\/uploads\/2026\/03\/zrhzs-king-executive-5420-hor-clsc.avif 1336w\" sizes=\"(max-width: 800px) 100vw, 800px\" \/>\t\t\t\t\t\t\t\t\t\t\t\t\t\t\t<\/div>\n\t\t\t\t<\/div>\n\t\t\t\t<\/div>\n\t\t\t\t\t<\/div>\n\t\t\t\t<\/div>\n\t\t\t\t<\/div>\n\t\t","protected":false},"excerpt":{"rendered":"<p>EPP 16th Life Sciences Pricing Forum 2026 Venue Venue Sheraton Zurich is a contemporary gathering place in Zurich West: well connected, vibrant, and ideally located. Surrounded by creative spaces, bars, and local hotspots, the hotel offers direct tram access at Toni-Areal and quick connections to Zurich city centre and the main station. Inside, refined rooms [&hellip;]<\/p>\n","protected":false},"author":1,"featured_media":0,"parent":0,"menu_order":0,"comment_status":"closed","ping_status":"closed","template":"","meta":{"_acf_changed":false,"footnotes":""},"class_list":["post-103","page","type-page","status-publish","hentry"],"acf":[],"yoast_head":"<!-- This site is optimized with the Yoast SEO plugin v26.9 - https:\/\/yoast.com\/product\/yoast-seo-wordpress\/ -->\n<title>Venue - EPP 16th Life Sciences Pricing Forum 2026<\/title>\n<meta name=\"robots\" content=\"index, follow, max-snippet:-1, max-image-preview:large, max-video-preview:-1\" \/>\n<link rel=\"canonical\" href=\"https:\/\/events.pricingplatform.com\/lifesciences-2026\/venue\/\" \/>\n<meta property=\"og:locale\" content=\"en_US\" \/>\n<meta property=\"og:type\" content=\"article\" \/>\n<meta property=\"og:title\" content=\"Venue - EPP 16th Life Sciences Pricing Forum 2026\" \/>\n<meta property=\"og:description\" content=\"EPP 16th Life Sciences Pricing Forum 2026 Venue Venue Sheraton Zurich is a contemporary gathering place in Zurich West: well connected, vibrant, and ideally located. Surrounded by creative spaces, bars, and local hotspots, the hotel offers direct tram access at Toni-Areal and quick connections to Zurich city centre and the main station. Inside, refined rooms [&hellip;]\" \/>\n<meta property=\"og:url\" content=\"https:\/\/events.pricingplatform.com\/lifesciences-2026\/venue\/\" \/>\n<meta property=\"og:site_name\" content=\"EPP 16th Life Sciences Pricing Forum 2026\" \/>\n<meta property=\"article:modified_time\" content=\"2026-03-10T10:36:57+00:00\" \/>\n<meta property=\"og:image\" content=\"https:\/\/events.pricingplatform.com\/lifesciences-2026\/wp-content\/uploads\/2026\/03\/1717708627-scaled-1.jpeg\" \/>\n<meta name=\"twitter:card\" content=\"summary_large_image\" \/>\n<meta name=\"twitter:label1\" content=\"Est. reading time\" \/>\n\t<meta name=\"twitter:data1\" content=\"3 minutes\" \/>\n<script type=\"application\/ld+json\" class=\"yoast-schema-graph\">{\"@context\":\"https:\/\/schema.org\",\"@graph\":[{\"@type\":\"WebPage\",\"@id\":\"https:\/\/events.pricingplatform.com\/lifesciences-2026\/venue\/\",\"url\":\"https:\/\/events.pricingplatform.com\/lifesciences-2026\/venue\/\",\"name\":\"Venue - EPP 16th Life Sciences Pricing Forum 2026\",\"isPartOf\":{\"@id\":\"https:\/\/events.pricingplatform.com\/lifesciences-2026\/#website\"},\"primaryImageOfPage\":{\"@id\":\"https:\/\/events.pricingplatform.com\/lifesciences-2026\/venue\/#primaryimage\"},\"image\":{\"@id\":\"https:\/\/events.pricingplatform.com\/lifesciences-2026\/venue\/#primaryimage\"},\"thumbnailUrl\":\"https:\/\/events.pricingplatform.com\/lifesciences-2026\/wp-content\/uploads\/2026\/03\/1717708627-scaled-1.jpeg\",\"datePublished\":\"2024-05-16T12:52:24+00:00\",\"dateModified\":\"2026-03-10T10:36:57+00:00\",\"breadcrumb\":{\"@id\":\"https:\/\/events.pricingplatform.com\/lifesciences-2026\/venue\/#breadcrumb\"},\"inLanguage\":\"en-US\",\"potentialAction\":[{\"@type\":\"ReadAction\",\"target\":[\"https:\/\/events.pricingplatform.com\/lifesciences-2026\/venue\/\"]}]},{\"@type\":\"ImageObject\",\"inLanguage\":\"en-US\",\"@id\":\"https:\/\/events.pricingplatform.com\/lifesciences-2026\/venue\/#primaryimage\",\"url\":\"https:\/\/events.pricingplatform.com\/lifesciences-2026\/wp-content\/uploads\/2026\/03\/1717708627-scaled-1.jpeg\",\"contentUrl\":\"https:\/\/events.pricingplatform.com\/lifesciences-2026\/wp-content\/uploads\/2026\/03\/1717708627-scaled-1.jpeg\",\"width\":2560,\"height\":1707},{\"@type\":\"BreadcrumbList\",\"@id\":\"https:\/\/events.pricingplatform.com\/lifesciences-2026\/venue\/#breadcrumb\",\"itemListElement\":[{\"@type\":\"ListItem\",\"position\":1,\"name\":\"Home\",\"item\":\"https:\/\/events.pricingplatform.com\/lifesciences-2026\/\"},{\"@type\":\"ListItem\",\"position\":2,\"name\":\"Venue\"}]},{\"@type\":\"WebSite\",\"@id\":\"https:\/\/events.pricingplatform.com\/lifesciences-2026\/#website\",\"url\":\"https:\/\/events.pricingplatform.com\/lifesciences-2026\/\",\"name\":\"EPP 16th Life Sciences Pricing Forum 2026\",\"description\":\"Must-Attend Event for Pricing, Market Access, and Reimbursement Leaders.\",\"publisher\":{\"@id\":\"https:\/\/events.pricingplatform.com\/lifesciences-2026\/#organization\"},\"potentialAction\":[{\"@type\":\"SearchAction\",\"target\":{\"@type\":\"EntryPoint\",\"urlTemplate\":\"https:\/\/events.pricingplatform.com\/lifesciences-2026\/?s={search_term_string}\"},\"query-input\":{\"@type\":\"PropertyValueSpecification\",\"valueRequired\":true,\"valueName\":\"search_term_string\"}}],\"inLanguage\":\"en-US\"},{\"@type\":\"Organization\",\"@id\":\"https:\/\/events.pricingplatform.com\/lifesciences-2026\/#organization\",\"name\":\"EPP 16th Life Sciences Pricing Forum 2026\",\"url\":\"https:\/\/events.pricingplatform.com\/lifesciences-2026\/\",\"logo\":{\"@type\":\"ImageObject\",\"inLanguage\":\"en-US\",\"@id\":\"https:\/\/events.pricingplatform.com\/lifesciences-2026\/#\/schema\/logo\/image\/\",\"url\":\"https:\/\/events.pricingplatform.com\/lifesciences-2026\/wp-content\/uploads\/2024\/05\/EPP_Logo2025-e1752227332291.png\",\"contentUrl\":\"https:\/\/events.pricingplatform.com\/lifesciences-2026\/wp-content\/uploads\/2024\/05\/EPP_Logo2025-e1752227332291.png\",\"width\":1650,\"height\":850,\"caption\":\"EPP 16th Life Sciences Pricing Forum 2026\"},\"image\":{\"@id\":\"https:\/\/events.pricingplatform.com\/lifesciences-2026\/#\/schema\/logo\/image\/\"}}]}<\/script>\n<!-- \/ Yoast SEO plugin. -->","yoast_head_json":{"title":"Venue - EPP 16th Life Sciences Pricing Forum 2026","robots":{"index":"index","follow":"follow","max-snippet":"max-snippet:-1","max-image-preview":"max-image-preview:large","max-video-preview":"max-video-preview:-1"},"canonical":"https:\/\/events.pricingplatform.com\/lifesciences-2026\/venue\/","og_locale":"en_US","og_type":"article","og_title":"Venue - EPP 16th Life Sciences Pricing Forum 2026","og_description":"EPP 16th Life Sciences Pricing Forum 2026 Venue Venue Sheraton Zurich is a contemporary gathering place in Zurich West: well connected, vibrant, and ideally located. Surrounded by creative spaces, bars, and local hotspots, the hotel offers direct tram access at Toni-Areal and quick connections to Zurich city centre and the main station. Inside, refined rooms [&hellip;]","og_url":"https:\/\/events.pricingplatform.com\/lifesciences-2026\/venue\/","og_site_name":"EPP 16th Life Sciences Pricing Forum 2026","article_modified_time":"2026-03-10T10:36:57+00:00","og_image":[{"url":"https:\/\/events.pricingplatform.com\/lifesciences-2026\/wp-content\/uploads\/2026\/03\/1717708627-scaled-1.jpeg","type":"","width":"","height":""}],"twitter_card":"summary_large_image","twitter_misc":{"Est. reading time":"3 minutes"},"schema":{"@context":"https:\/\/schema.org","@graph":[{"@type":"WebPage","@id":"https:\/\/events.pricingplatform.com\/lifesciences-2026\/venue\/","url":"https:\/\/events.pricingplatform.com\/lifesciences-2026\/venue\/","name":"Venue - EPP 16th Life Sciences Pricing Forum 2026","isPartOf":{"@id":"https:\/\/events.pricingplatform.com\/lifesciences-2026\/#website"},"primaryImageOfPage":{"@id":"https:\/\/events.pricingplatform.com\/lifesciences-2026\/venue\/#primaryimage"},"image":{"@id":"https:\/\/events.pricingplatform.com\/lifesciences-2026\/venue\/#primaryimage"},"thumbnailUrl":"https:\/\/events.pricingplatform.com\/lifesciences-2026\/wp-content\/uploads\/2026\/03\/1717708627-scaled-1.jpeg","datePublished":"2024-05-16T12:52:24+00:00","dateModified":"2026-03-10T10:36:57+00:00","breadcrumb":{"@id":"https:\/\/events.pricingplatform.com\/lifesciences-2026\/venue\/#breadcrumb"},"inLanguage":"en-US","potentialAction":[{"@type":"ReadAction","target":["https:\/\/events.pricingplatform.com\/lifesciences-2026\/venue\/"]}]},{"@type":"ImageObject","inLanguage":"en-US","@id":"https:\/\/events.pricingplatform.com\/lifesciences-2026\/venue\/#primaryimage","url":"https:\/\/events.pricingplatform.com\/lifesciences-2026\/wp-content\/uploads\/2026\/03\/1717708627-scaled-1.jpeg","contentUrl":"https:\/\/events.pricingplatform.com\/lifesciences-2026\/wp-content\/uploads\/2026\/03\/1717708627-scaled-1.jpeg","width":2560,"height":1707},{"@type":"BreadcrumbList","@id":"https:\/\/events.pricingplatform.com\/lifesciences-2026\/venue\/#breadcrumb","itemListElement":[{"@type":"ListItem","position":1,"name":"Home","item":"https:\/\/events.pricingplatform.com\/lifesciences-2026\/"},{"@type":"ListItem","position":2,"name":"Venue"}]},{"@type":"WebSite","@id":"https:\/\/events.pricingplatform.com\/lifesciences-2026\/#website","url":"https:\/\/events.pricingplatform.com\/lifesciences-2026\/","name":"EPP 16th Life Sciences Pricing Forum 2026","description":"Must-Attend Event for Pricing, Market Access, and Reimbursement Leaders.","publisher":{"@id":"https:\/\/events.pricingplatform.com\/lifesciences-2026\/#organization"},"potentialAction":[{"@type":"SearchAction","target":{"@type":"EntryPoint","urlTemplate":"https:\/\/events.pricingplatform.com\/lifesciences-2026\/?s={search_term_string}"},"query-input":{"@type":"PropertyValueSpecification","valueRequired":true,"valueName":"search_term_string"}}],"inLanguage":"en-US"},{"@type":"Organization","@id":"https:\/\/events.pricingplatform.com\/lifesciences-2026\/#organization","name":"EPP 16th Life Sciences Pricing Forum 2026","url":"https:\/\/events.pricingplatform.com\/lifesciences-2026\/","logo":{"@type":"ImageObject","inLanguage":"en-US","@id":"https:\/\/events.pricingplatform.com\/lifesciences-2026\/#\/schema\/logo\/image\/","url":"https:\/\/events.pricingplatform.com\/lifesciences-2026\/wp-content\/uploads\/2024\/05\/EPP_Logo2025-e1752227332291.png","contentUrl":"https:\/\/events.pricingplatform.com\/lifesciences-2026\/wp-content\/uploads\/2024\/05\/EPP_Logo2025-e1752227332291.png","width":1650,"height":850,"caption":"EPP 16th Life Sciences Pricing Forum 2026"},"image":{"@id":"https:\/\/events.pricingplatform.com\/lifesciences-2026\/#\/schema\/logo\/image\/"}}]}},"_hostinger_reach_plugin_has_subscription_block":false,"_hostinger_reach_plugin_is_elementor":false,"_links":{"self":[{"href":"https:\/\/events.pricingplatform.com\/lifesciences-2026\/wp-json\/wp\/v2\/pages\/103","targetHints":{"allow":["GET"]}}],"collection":[{"href":"https:\/\/events.pricingplatform.com\/lifesciences-2026\/wp-json\/wp\/v2\/pages"}],"about":[{"href":"https:\/\/events.pricingplatform.com\/lifesciences-2026\/wp-json\/wp\/v2\/types\/page"}],"author":[{"embeddable":true,"href":"https:\/\/events.pricingplatform.com\/lifesciences-2026\/wp-json\/wp\/v2\/users\/1"}],"replies":[{"embeddable":true,"href":"https:\/\/events.pricingplatform.com\/lifesciences-2026\/wp-json\/wp\/v2\/comments?post=103"}],"version-history":[{"count":79,"href":"https:\/\/events.pricingplatform.com\/lifesciences-2026\/wp-json\/wp\/v2\/pages\/103\/revisions"}],"predecessor-version":[{"id":4217,"href":"https:\/\/events.pricingplatform.com\/lifesciences-2026\/wp-json\/wp\/v2\/pages\/103\/revisions\/4217"}],"wp:attachment":[{"href":"https:\/\/events.pricingplatform.com\/lifesciences-2026\/wp-json\/wp\/v2\/media?parent=103"}],"curies":[{"name":"wp","href":"https:\/\/api.w.org\/{rel}","templated":true}]}}